{"id":296,"date":"2017-08-14T15:51:22","date_gmt":"2017-08-14T13:51:22","guid":{"rendered":"http:\/\/www.rebecca-heinrich.com\/?page_id=296"},"modified":"2020-12-13T15:05:55","modified_gmt":"2020-12-13T13:05:55","slug":"veroeffentlichungen","status":"publish","type":"page","link":"https:\/\/rebecca.martin-heinrich.at\/?page_id=296","title":{"rendered":"publikationen"},"content":{"rendered":"<h2>1. Literarische Ver\u00f6ffentlichungen<\/h2>\n<h3>A. Publikation im literarischen Verlag<\/h3>\n<p>Heinrich, Rebecca (2020): nackte gedichte. Mit Illustrationen von Julia K\u00f6ssler und Martina Fr\u00f6tscher. Zirl: Edition BAES.<br \/>\nISBN: 9783951987224<\/p>\n<p>Heinrich, Rebecca (2020): nackte gedichte. Mit handgedruckten Illustrationen von Julia K\u00f6ssler und Martina Fr\u00f6tscher. Zirl: Edition BAES.<br \/>\nISBN: 978 3951987231. Limitierte St\u00fcckzahl. [ausverkauft &#8211; herzlichen Dank!]<\/p>\n<p>Heinrich, Rebecca (2018): aus gegebenem anlass. Lyrik und Slam Poetry. 1. Auflage. Zirl: Edition BAES. [2. Auflage 02\/2020]<br \/>\nISBN: 9783950441949<\/p>\n<h3>B. Publikationen in literarischen Zeitschriften, Anthologien und Reihen<\/h3>\n<h5>2020<\/h5>\n<p>Heinrich, Rebecca (2020): \u201eAm Anfang war der Barhocker\u201c, in: &amp;Radieschen 14 (54), S. 28-30.<\/p>\n<p>Heinrich, Rebecca: \u201eGedichte\u201c, in: Johann Georg Lughofer (Hg.): Paul Celan. Interpretationen \u2013 Kommentare \u2013 Didaktisierungen. Wien: Praesens Verlag 2020 (= Ljurik, Bd. 9), S. 257\u2013281.<\/p>\n<p>Heinrich, Rebecca (2020): Irgendwann danach. In: Marlen Schachinger (Hg.): Fragmente. Die Zeit danach. Wien: Promedia Edition Arthof.<\/p>\n<h5>2019<\/h5>\n<p class=\"CitaviLiteraturverzeichnis\">Heinrich, Rebecca (2019): aus gegebenem anlass\/ ist es so einfach\/ gestern las ich das werk medien und einsamkeit. Ausgabe \u201cAuf Seiten der Menschlichkeit: Rebecca Heinrich&#8220;. In: <em>Hinter den Schlagzeilen. Magazin f\u00fcr Kultur &amp; Rebellion<\/em>. Online verf\u00fcgbar unter https:\/\/hinter-den-schlagzeilen.de\/auf-seiten-der-menschlichkeit-rebecca-heinrich?fbclid=IwAR00q7P3n0aG4QPu5UlCRntJkq9Qcbvd8RCTjxcVw4keo1ri9zTLi3dS7l4, zuletzt gepr\u00fcft am 03.12.2019.<\/p>\n<p>Heinrich, Rebecca (2019): da onkl. In: <i>DUM-Das ultimative Magazin <\/i>22 (90), S. 33.<\/p>\n<p class=\"CitaviLiteraturverzeichnis\">Heinrich, Rebecca (2019): L&#8217;antith\u00e8se. In: La Chanson de Maxence (Hg.): On dit Cap? Anthologie de po\u00e9sie. St Ouen: Les \u00c9ditions du Net, S. 71\u201375.<\/p>\n<p>Heinrich, Rebecca (2019): So ist es. In: <em>mosaik &#8211; Zeitschrift f\u00fcr Literatur und Kultur<\/em>. Online verf\u00fcgbar unter https:\/\/www.mosaikzeitschrift.at\/literatur\/2019-02\/, zuletzt gepr\u00fcft am 03.12.2019.<\/p>\n<p class=\"CitaviLiteraturverzeichnis\">Heinrich, Rebecca (2019): Tabakp\u00e4ckchen und Downhillbikes. In: Stef und Sven Hensel (Hg.): Fantastische Queerwesen und wie sie sich finden. Poetry Slam goes queer. Berlin: SATYR Verlag, S. 63\u201365.<\/p>\n<p class=\"CitaviLiteraturverzeichnis\">Heinrich, Rebecca: \u201e&#8217;The student has become the teacher.&#8217;\u201c, in: Henrik Szanto u. Anna-Lena Obermoser (Hg.): <i>G&#8217;SCHEIT GOSCHERT. Die \u00f6sterreichische U20 Poetry Slam Anthologie. <\/i>1. Aufl., Paderborn 2019, S. 321\u2013326.<\/p>\n<p class=\"CitaviLiteraturverzeichnis\">Heinrich, Rebecca (2019): Wir sind Dichter_innen. In: Stef und Sven Hensel (Hg.): Fantastische Queerwesen und wie sie sich finden. Poetry Slam goes queer. Berlin: SATYR Verlag, S. 165\u2013167.<\/p>\n<p class=\"CitaviLiteraturverzeichnis\">Heinrich, Rebecca (2019): Zimmer mit Aussicht. Die Kirschfrage. In: <i>komplex \u2013 Kulturmagazin Innsbruck <\/i>10, S. 12\u201313.<\/p>\n<p class=\"CitaviLiteraturverzeichnis\">Heinrich, Rebecca (2019): \u00dcberall unerreichbar. Mit Illustrationen von Julia K\u00f6ssler. In: <i>komplex \u2013 Kulturmagazin Innsbruck <\/i>10, S. 40\u201341.<\/p>\n<p class=\"CitaviLiteraturverzeichnis\">Heinrich, Rebecca; Rauch, Katrin (2019): 50%. grenz\u00fcbertreten. In: Carmen Kassekert (Hg.): \u00d6-SLAM 2018. Wien: Erhard L\u00f6cker (edition pen, 141), S. 65\u201370.<\/p>\n<h5>2018<\/h5>\n<p class=\"CitaviLiteraturverzeichnis\">Heinrich, Rebecca (2018): Entweder Westen oder Donau. Liebe unter Gespenstern. In: <i>komplex \u2013 Kulturmagazin Innsbruck <\/i>9, S. 25\u201326.<\/p>\n<p class=\"CitaviLiteraturverzeichnis\">Heinrich, Rebecca; Rauch, Katrin (2018): 50%. Grenz\u00fcbertreten. In: <i>&amp;Radieschen <\/i>12 (46), S. 17\u201319.<\/p>\n<p class=\"CitaviLiteraturverzeichnis\">Heinrich, Rebecca; Rauch, Katrin (2018): F\u00fcr immer unergr\u00fcndbar. In: <i>UND-Heft f\u00fcr Widerspr\u00fcche, Alternativen und Konkretes <\/i>5, S. 58\u201359.<\/p>\n<p class=\"CitaviLiteraturverzeichnis\">Heinrich, Rebecca (2018): die nostalgie, die dich geb\u00e4ndigt hat. In: pyjamaguerilleros* (Hg.): \u00dcber die Jahre. 47 Tiroler AutorInnen erinnern sich in Geschichten und Gedichten. Unter Mitarbeit von IG Autorinnen Autoren Tirol und Cognac &amp; Biskotten. Innsbruck: Cognac &amp; Biskotten (pyjamaguerilleros*, 23), S. 77\u201378.<\/p>\n<p class=\"CitaviLiteraturverzeichnis\">Heinrich, Rebecca (2018): erinnern an lebensjahre. f\u00fcr christa t. In: pyjamaguerilleros* (Hg.): \u00dcber die Jahre. 47 Tiroler AutorInnen erinnern sich in Geschichten und Gedichten. Unter Mitarbeit von IG Autorinnen Autoren Tirol und Cognac &amp; Biskotten. Innsbruck: Cognac &amp; Biskotten (pyjamaguerilleros*, 23), S. 83\u201386.<\/p>\n<h5>2017<\/h5>\n<p class=\"CitaviLiteraturverzeichnis\">Heinrich, Rebecca (2017): aus gegebenem anlass. In: <i>Cognac &amp; Biskotten <\/i>20 (40).<\/p>\n<p class=\"CitaviLiteraturverzeichnis\">Heinrich, Rebecca (2017): Ich bin nicht fremd. In: <i>&amp;Radieschen <\/i>11 (42), S. 142\u2013147.<\/p>\n<p class=\"CitaviLiteraturverzeichnis\">Heinrich, Rebecca (2017): wer bin ich? In: Mieze Medusa und Markus K\u00f6hle (Hg.): Slam, Oida! 15 Jahre Poetry Slam in \u00d6sterreich. 1. Auflage. Paderborn: Lektora-Verlag, S. 142\u2013147.<\/p>\n<h5>2015<\/h5>\n<p class=\"CitaviLiteraturverzeichnis\">Heinrich, Rebecca (2015): Das ist kein Text gegen Literaturkategorien\/ Hatt i, Tat i, War i\/ Wos beschwea i mi eigentlich. In: Agru-Arbeitsgruppe ZORA (Hg.): Innsbrucker M\u00e4dls (be)schreiben\u2026 Texte von M\u00e4dchen und jungen Frauen zum internationalen Frauenkampftag 2015. Innsbruck, 3-4; 29-30; 31-33.<\/p>\n<h2>2. Wissenschaftliche Arbeiten<\/h2>\n<h3>A. Aufs\u00e4tze<\/h3>\n<p>Heinrich, Rebecca (2019): Queere Linguistik:\u00a0Notwendigkeit oder Provokation? In: Der Sprachdienst 63 (1), S. 40\u201342.<\/p>\n<p>Heinrich, Rebecca (2018): Ich bin nicht fremd. Poetry Slam und Slam Poetry als gesellschaftskritisches Medium. In: Bstieler, Michaela\/Ganahl, Lena\/Hubmann, Elisabeth\/P\u00f6ttgen, Denise\/Schletterer, Siljarosa (Hg.): Kunst als gesellschaftskritisches Medium. Wissenschaftliche und k\u00fcnstlerische Zug\u00e4nge. transcript Verlag.<\/p>\n<h3>B. Universit\u00e4re Arbeiten<\/h3>\n<p>Heinrich, Rebecca (2020): <em>Aliens in prek\u00e4ren Gemeinschaften. Einsamkeit als postmoderne condition humaine in Ter\u00e9zia Moras Erz\u00e4hlband &#8222;Die Liebe unter Aliens&#8220; und ihre didaktische Vermittlung im Deutschunterricht<\/em>. Diplomarbeit. Betreut von Ao. Univ-Prof. Dr. Sieglinde Klettenhammer.<\/p>\n<p>Heinrich, Rebecca (2019): <em>Normalisierung und \u201equeering\u201c. Queer-linguistische Analyse sexueller und geschlechtlicher Identit\u00e4tskonstruktionen in Coming-Out-Narrativen<\/em>. Bachelorarbeit. Betreut von assoz. Prof. Mag. Dr. Heike Ortner, Fertigstellung 03\/2019.\u00a0 Unterst\u00fctzt durch ein Forschungsstipendium der \u00d6H Wien. Pr\u00e4miert mit dem Forschungspreis Pride Biz Austria 2020.<\/p>\n","protected":false},"excerpt":{"rendered":"<p>1. Literarische Ver\u00f6ffentlichungen A. Publikation im literarischen Verlag Heinrich, Rebecca (2020): nackte gedichte. Mit Illustrationen von Julia K\u00f6ssler und Martina Fr\u00f6tscher. Zirl: Edition BAES. ISBN: 9783951987224 Heinrich, Rebecca (2020): nackte gedichte. Mit handgedruckten Illustrationen von Julia K\u00f6ssler und Martina Fr\u00f6tscher. Zirl: Edition BAES. ISBN: 978 3951987231. Limitierte St\u00fcckzahl. [ausverkauft &#8211; herzlichen Dank!] Heinrich, Rebecca (2018): &hellip; <\/p>\n<p class=\"link-more\"><a href=\"https:\/\/rebecca.martin-heinrich.at\/?page_id=296\" class=\"more-link\"><span class=\"screen-reader-text\">\u201epublikationen\u201c<\/span> weiterlesen<\/a><\/p>\n","protected":false},"author":2,"featured_media":0,"parent":0,"menu_order":0,"comment_status":"closed","ping_status":"closed","template":"","meta":{"footnotes":""},"class_list":["post-296","page","type-page","status-publish","hentry"],"jetpack_sharing_enabled":true,"_links":{"self":[{"href":"https:\/\/rebecca.martin-heinrich.at\/index.php?rest_route=\/wp\/v2\/pages\/296","targetHints":{"allow":["GET"]}}],"collection":[{"href":"https:\/\/rebecca.martin-heinrich.at\/index.php?rest_route=\/wp\/v2\/pages"}],"about":[{"href":"https:\/\/rebecca.martin-heinrich.at\/index.php?rest_route=\/wp\/v2\/types\/page"}],"author":[{"embeddable":true,"href":"https:\/\/rebecca.martin-heinrich.at\/index.php?rest_route=\/wp\/v2\/users\/2"}],"replies":[{"embeddable":true,"href":"https:\/\/rebecca.martin-heinrich.at\/index.php?rest_route=%2Fwp%2Fv2%2Fcomments&post=296"}],"version-history":[{"count":50,"href":"https:\/\/rebecca.martin-heinrich.at\/index.php?rest_route=\/wp\/v2\/pages\/296\/revisions"}],"predecessor-version":[{"id":1474,"href":"https:\/\/rebecca.martin-heinrich.at\/index.php?rest_route=\/wp\/v2\/pages\/296\/revisions\/1474"}],"wp:attachment":[{"href":"https:\/\/rebecca.martin-heinrich.at\/index.php?rest_route=%2Fwp%2Fv2%2Fmedia&parent=296"}],"curies":[{"name":"wp","href":"https:\/\/api.w.org\/{rel}","templated":true}]}}