{"id":45,"date":"2014-12-02T20:10:35","date_gmt":"2014-12-02T18:10:35","guid":{"rendered":"http:\/\/www.martin-heinrich.at\/rebecca\/?page_id=45"},"modified":"2021-01-27T23:40:19","modified_gmt":"2021-01-27T21:40:19","slug":"termine","status":"publish","type":"page","link":"https:\/\/rebecca.martin-heinrich.at\/?page_id=45","title":{"rendered":"termine"},"content":{"rendered":"<h1>Aktuelle Termine<\/h1>\n<hr \/>\n<p><strong>06.03.2021:<\/strong> Moderation &#8222;Fem-Poetry-Slam&#8220; Kulturlabor Strombolli Hall i. T.<\/p>\n<p><strong>19.02.2021:<\/strong> Vortrag bei der 13. Jahrestagung der AG Popul\u00e4rkultur und Medien zu neuen Formen und Medien der Lyrik(vermittlung) in Zeiten der Pandemie:\u00a0 <a href=\"http:\/\/ag-pop.de\/\">http:\/\/ag-pop.de\/<\/a><\/p>\n<p><strong>09.02.2021:<\/strong> Lesung, Famulus &#8211; Neue Literatur (Wien), online: <a href=\"https:\/\/www.facebook.com\/events\/4146943778653773\/\">https:\/\/www.facebook.com\/events\/4146943778653773\/<\/a><\/p>\n<p><a href=\"https:\/\/www.rebecca-heinrich.com\/wp-content\/uploads\/2019\/11\/desk-notebook-writing-table-coffee-wood-934995-pxhere.com_-scaled.jpg\"><img loading=\"lazy\" decoding=\"async\" class=\"size-large wp-image-1241 alignleft\" src=\"https:\/\/www.rebecca-heinrich.com\/wp-content\/uploads\/2019\/11\/desk-notebook-writing-table-coffee-wood-934995-pxhere.com_-1024x730.jpg\" alt=\"\" width=\"525\" height=\"374\" srcset=\"https:\/\/rebecca.martin-heinrich.at\/wp-content\/uploads\/2019\/11\/desk-notebook-writing-table-coffee-wood-934995-pxhere.com_-1024x730.jpg 1024w, https:\/\/rebecca.martin-heinrich.at\/wp-content\/uploads\/2019\/11\/desk-notebook-writing-table-coffee-wood-934995-pxhere.com_-300x214.jpg 300w, https:\/\/rebecca.martin-heinrich.at\/wp-content\/uploads\/2019\/11\/desk-notebook-writing-table-coffee-wood-934995-pxhere.com_-768x547.jpg 768w, https:\/\/rebecca.martin-heinrich.at\/wp-content\/uploads\/2019\/11\/desk-notebook-writing-table-coffee-wood-934995-pxhere.com_-1536x1095.jpg 1536w, https:\/\/rebecca.martin-heinrich.at\/wp-content\/uploads\/2019\/11\/desk-notebook-writing-table-coffee-wood-934995-pxhere.com_-2048x1460.jpg 2048w\" sizes=\"auto, (max-width: 525px) 100vw, 525px\" \/><\/a><\/p>\n<p>&nbsp;<\/p>\n<h1>Vergangene Termine und Veranstaltungen<\/h1>\n<hr \/>\n<p><strong>07.02.2021:<\/strong> Buchpr\u00e4sentation &#8222;nackte gedichte&#8220;, ALSO (Anno Literatur Sonntag), Caf\u00e9 Anno, Wien <em>(abgesagt, neuer Termin wird bekanntgegeben)<\/em><\/p>\n<p><strong>07.12.2020:<\/strong> &#8222;Online gehen.&#8220; &#8211; die Online-Lesungsreihe der GAV Regionalgruppe Tirol:\u00a0<a href=\"https:\/\/www.youtube.com\/...\/UCafFcWy5lkuhGghe8SUKzHg\/videos\">https:\/\/www.youtube.com\/&#8230;\/UCafFcWy5lkuhGghe8SUKzHg\/videos<\/a><\/p>\n<p><strong>14.08.2020:<\/strong> Workshop &#8222;Bushaltestellendialoge&#8220;, Jugendzentrum Sunnseitn, Absam<\/p>\n<p><strong>19.06.2020:<\/strong> Lyrik-Leseb\u00fchne &#8222;wir machen halt lyrik&#8220;, Lesung, Wagnersche Buchhandlung, Innsbruck<\/p>\n<p><strong>12.-13.06.2020:<\/strong> Konzeption und Teilnahme Literaturfest &#8222;Hall und Rauch&#8220;, Kulturlabor Stromboli, Hall i. T. <em>(abgesagt und verschoben auf noch nicht fixierten Termin)<\/em><\/p>\n<p><strong>30.05.2020:<\/strong> \u00dcberraschungs-Online-Lesung der Lyrik-Leseb\u00fchne &#8222;wir machen halt lyrik&#8220;, Wagner&#8217;sche, Innsbruck<\/p>\n<p><strong>15.05.2020:<\/strong> Pr\u00e4sentation der Poety-Slam-Anthologie &#8222;Fantastische Queerwesen und wo sie sich finden&#8220;, S\u00fcdpunkt, N\u00fcrnberg (D) <em>(abgesagt und verschoben auf noch nicht fixierten Termin)<\/em><\/p>\n<p><strong>14.05.2020: <\/strong>5 vor 12?! 12 Stunden Online-Marathonlesung \u00bbArbeit statt Almosen\u00ab (Lesung von 17:00-17:50)<\/p>\n<p><strong>29.04.2020:<\/strong> Kulturbeitrag und Lyriklesung mit dem ORF Tirol, Ausstrahlung im Kulturteil von &#8222;Tirol heute&#8220;<\/p>\n<p><strong>21.03.2020:<\/strong> Online-Termin der Lyrik-Leseb\u00fchne &#8222;wir machen halt lyrik&#8220;, eingeladen bei der KulturQuarant\u00e4ne<\/p>\n<p><strong>11\/19-03\/20:<\/strong> Textwerkst\u00e4tten f\u00fcr Schulklassen im Rahmen der Ausstellung &#8222;Gr\u00fcnmandl. Geschichte. Gedanken. Bilder&#8220; im Stadtmuseum Hall i. T. f\u00fcr das Kulturlabor Stromboli. Anmeldungen waren m\u00f6glich unter: <a href=\"http:\/\/www.stromboli.at\/index.php\/junges-publikum\/fuer-kindergaerten-und-schulen\/812-schulvermittlungsprogramm-zur-ausstellung-gruenmandl-geschichte-gedanken-bilder\">http:\/\/www.stromboli.at\/index.php\/junges-publikum\/fuer-kindergaerten-und-schulen\/812-schulvermittlungsprogramm-zur-ausstellung-gruenmandl-geschichte-gedanken-bilder<\/a><\/p>\n<p><strong>07.03.2020:<\/strong> Moderation Feminist Poetry Slam, Kulturlabor Stromboli Hall i. T.<\/p>\n<p><strong>11.02.2020:<\/strong> &#8222;wir machen halt lyrik&#8220;: Pre-Valentines-Special. Lyrik-Leseb\u00fchne mit Siljarosa Schletterer, Faktorei Innsbruck<\/p>\n<p><strong>17.01.2020:<\/strong> Gestaltwandler Poetry Slam, BRUX, Innsbruck<\/p>\n<p><strong>13.01.2020:<\/strong> &#8222;China in Tirol, what else?&#8220;, Lesung gemeinsam mit sechs chinesischen sowie zwei Innsbrucker Autorinnen und Autoren in Originalsprache und englischer \u00dcbersetzung, John Montagu, Innsbruck<\/p>\n<p><strong>12.01.2020:<\/strong> Lesung der &#8222;IG Autorinnen Autoren&#8220;, Plenarsaal, Innsbruck<\/p>\n<p><strong>12.12.2019:<\/strong> Moderation der Lesung der &#8222;IG Autorinnen Autoren&#8220;, Stadtbibliothek, Innsbruck<\/p>\n<p><strong>29.11.2019:<\/strong> Komplex Magazin Release, Stadtbibliothek, Innsbruck<\/p>\n<p><strong>21.11.2019:<\/strong> Neuaufnahmelesung der &#8222;Grazer Autorinnen Autorenversammlung&#8220; (GAV), liber wiederin, Innsbruck<\/p>\n<p><strong>14.11.2019:<\/strong> Er\u00f6ffnungstermin des Projektes &#8222;GR\u00dcNMANDL. Geschichte. Gedanken.Bilder. Leben und Wirken des Haller K\u00fcnstlers im Kontext der Familien- und Zeitgeschichte (AT). Ausstellung im Stadtmuseum Hall&#8220;. Textwerkst\u00e4tten f\u00fcr Schulklassen von 11\/19 bis 03\/20<\/p>\n<p><strong>12.11.2019:<\/strong> Lesung im Rahmen der &#8222;IG Autorinnen Autoren&#8220; Lesung\u00a0 zum Thema &#8222;Politik&#8220;, Literaturhaus am Inn, Innsbruck<\/p>\n<p><strong>19.10.2019:<\/strong> Moderation &#8222;Blocktober Doubleheader&#8220;, Landessportcenter Tirol<\/p>\n<p><strong>28.09.2019:<\/strong> Lesung im Tirol Panorama im Rahmen der komplex-Kulturmagazin Literaturlesung. Mehr Informationen der Tiroler Landesmuseen unter:\u00a0<a href=\"http:\/\/www.tiroler-landesmuseen.at\/data.cfm?vpath=ma-wartbare-inhalte\/ma-presse\/ma-pdfs\/monatsprogramm1\/20190813_terminliste_september_web\">http:\/\/www.tiroler-landesmuseen.at\/data.cfm?vpath=ma-wartbare-inhalte\/ma-presse\/ma-pdfs\/monatsprogramm1\/20190813_terminliste_september_web<\/a> [03.09.2019]<\/p>\n<p><strong>20.09.2019:<\/strong> Stra\u00dfenfest, Dreier-Slam-Show mit Jazzband, W\u00f6rgl<\/p>\n<p><strong>06.-08.09.:<\/strong> Mitarbeit Sprachsalz-Literaturfestival, Hall i. T.<\/p>\n<p><strong>20.08.2019:<\/strong> &#8222;wir machen halt lyrik&#8220;. Gedichte (er)zeugen, Gedichte als Zeugen. Lyrik-Leseb\u00fchne mit Siljarosa Schletterer. Faktorei, Innsbruck<\/p>\n<p><strong>29.06.2019:<\/strong> Stromboli Open Air Poetry Slam, Kulturlabor Stromboli Hall i. T.<\/p>\n<p><strong>17.05.2019:<\/strong> Franz\u00f6sisch-deutscher Poetry Slam Workshop an der Universit\u00e4t Innsbruck im Rahmen der Lehrveranstaltung &#8222;Praxisorientierte Lehrveranstaltung zu romanischen Kulturr\u00e4umen: Poetry-Slam interkulturell: franz\u00f6sisch-italienisch-deutsche Perspektiven&#8220;<\/p>\n<p><strong>06.05.-07.05. 2019:<\/strong> Teilnahme an den Lyriktagen zu Paul Celan am Institut f\u00fcr Germanistik\u00a0Ljubljana. Gedichtrezetierung und Poetry-Slam-Duell.<\/p>\n<p><strong>19.04.2019:<\/strong> Poetry Slam Duell A-Team gegen B-Team, B\u00e4ckerei Innsbruck<\/p>\n<p><strong>08.03.2019:<\/strong> Moderation\u00a0 Poetry Slam &#8222;Heilsam Fasten&#8220;, Haus der Begegnung, Innsbruck<\/p>\n<p><strong>09.03.2019:<\/strong> Feminist Poetry Slam, Stromboli Kulturlabor Hall in Tirol<\/p>\n<p><strong>01.03.2019:<\/strong> Jurymitglied Stadtschreiber*in Kulturlabor Stromboli, Hall i. T.<\/p>\n<p><strong>22.02.2019:<\/strong> Fixstarterin B\u00e4ckerei Poetry Slam, Innsbruck<\/p>\n<p><strong>08.02.2019:<\/strong> Poetry Slam &#8222;Wild Wild Ost West Slam&#8220; in Meran, S\u00fcdtirol, Italien<\/p>\n<p><strong>05.02.2019:<\/strong> Poetry Slam Workshop Sch\u00fclerinnenheim Innsbruck<\/p>\n<p><strong>11.12.2018:<\/strong> Lesungen &amp; Musik. 30 Jahre IG Autorinnen Autoren Tirol. Lesung im Rahmen der Pr\u00e4sentation der Jubil\u00e4ums-Anthologie &#8222;\u00dcber die Jahre. 47 Tiroler AutorInnen erinnern sich in Geschichten und Gedichten&#8220;.<\/p>\n<p><strong>07.12.2018<\/strong> (<em>leider verhindert<\/em>):\u00a0Release-Feier des UND #5 &#8211; Publikation eines Slam-Textes von Team KHB gemeinsam mit Katrin Rauch im Und-Heft (UND-Heft f\u00fcr Widerspr\u00fcche, Alternativen und Konkretes),\u00a0Max Standard.<\/p>\n<p><strong>06.12.2018:<\/strong> Buchpr\u00e4sentation &#8222;aus gegebenem anlass&#8220; im Stromboli in Hall in Tirol &#8211; Duolesung gemeinsam mit Martin Amanshauser<\/p>\n<p><strong>28.11.2018:<\/strong> Lesung von Kurzprosa im Rahmen der Komplex-Release-Party &#8211; Ver\u00f6ffentlichung einer Kurzgeschichte im Komplex-Magazin: &#8222;Komplex #9 Releaseparty mit Alex Figl Duo &amp; 2 Birds On The Wire&#8220;, Wagner&#8217;sche.<\/p>\n<p><strong>24.11.2018:<\/strong> Monologst\u00fcck &#8222;Nachvergangenheit&#8220; (Bogentheater Innsbruck)<\/p>\n<p><strong>18.11.2018:<\/strong> Monologst\u00fcck &#8222;Nachvergangenheit&#8220; (Bogentheater Innsbruck)<\/p>\n<p><strong>15.11.2018:<\/strong> Premiere Monologst\u00fcck &#8222;Nachvergangenheit&#8220; (Bogentheater Innsbruck)<\/p>\n<p><strong>10.11.2018:<\/strong> Team KHB er\u00f6ffnet die neue Stadtb\u00fccherei Innsbruck (Stadtb\u00fccherei Poetry Slam &#8211; PEMA 2 Er\u00f6ffnung)<\/p>\n<p><strong>25. bis 27.10.2018:<\/strong> 12. \u00d6sterreichische Poetry-Slam-Meisterschaften in Klagenfurt. Teilnahme im Teamfinale mit Team KHB<\/p>\n<p><strong>13.10.2018:<\/strong> Auftritt beim H\u00f6rsaal Slam Wien<\/p>\n<p><strong>26.09.<\/strong><strong> 2018:<\/strong> Auftritt beim Rad-WM Poetry Slam Innsbruck<\/p>\n<p><strong>13.09.2018:<\/strong> Gespr\u00e4ch und Lesung. Zu Gast live bei Radio Freirad in der Senung WortflAIR &#8211; die Lyriksendung.<\/p>\n<p><strong>24.08.2018:<\/strong> Vernissage der Sprach-Kunst-Ausstellung &#8222;Sommernachtsaff\u00e4re&#8220; mit dreiundzwanzigminuseins im Forum f\u00fcr Kunst und Kommunikation (kooio) in Innsbruck<\/p>\n<p><strong>24.08. bis 07.09.2018:<\/strong> Sprach-Kunst-Ausstellung &#8222;Sommernachtsaff\u00e4re&#8220; im Forum f\u00fcr Kunst und Kommunikation (kooio) in Innsbruck (Genaue \u00d6ffnungszeiten der Galerie werden noch bekanntgegeben)<\/p>\n<p><strong>14.06. 2018:<\/strong> Premiere Leseb\u00fchne FHK5K at John Montagu Innsbruck<\/p>\n<p><strong>13.06.2018:<\/strong> Preisverleihung Literaturpreis Kurzprosa im Rabalderhaus in Schwaz (&#8222;Schwazer Silbersommer&#8220;)<\/p>\n<p><strong>09.06.2018:<\/strong> Theaterauff\u00fchrung &#8222;Der zerbrochene Krug&#8220;<\/p>\n<p><strong>07.06.2018:<\/strong> Team KHB geladen beim Schwazer Silber-Szommer-Szlam<\/p>\n<p><strong>26.05.2018:<\/strong> Stromboli-Poetry-Slam<\/p>\n<p><strong>12.05.2018:<\/strong> Auftritt mit Team KHB beim Gestaltwandlerslam Innsbruck<\/p>\n<p><b>21.04.2018:\u00a0<\/b>Auftritt mit FHK5K beim Schlafzimmer Festival Innsbruck (B\u00e4ckerei, 18:00-18:45) &#8211; Premiere Leseb\u00fchne<\/p>\n<p><strong>27.04.2018:<\/strong>\u00a0Auftritt mit Team KHB beim B\u00e4ckerei-Poetry-Slam<\/p>\n<p><strong>10.03.2018:<\/strong>\u00a0Auftritt mit Team KHB beim Feminist Poetry Slam im Stromboli in Hall<\/p>\n<p><strong>09.03.2018:<\/strong>\u00a0Auftritt mit Team KHB beim Gestaltwandlerslam Innsbruck<\/p>\n<p><strong>04.02 &#8211; 11.02.2018:<\/strong> Poetry Slam Workshops in franz\u00f6sischen Schulen in Bordeaux, Nantes, Toulouse (Zusammenarbeit mit den Goethe-Instituten und dem CCFA)<\/p>\n<p>[diese chronik wird gef\u00fchrt seit 01\/2018]<\/p>\n<p>&nbsp;<\/p>\n","protected":false},"excerpt":{"rendered":"<p>Aktuelle Termine 06.03.2021: Moderation &#8222;Fem-Poetry-Slam&#8220; Kulturlabor Strombolli Hall i. T. 19.02.2021: Vortrag bei der 13. Jahrestagung der AG Popul\u00e4rkultur und Medien zu neuen Formen und Medien der Lyrik(vermittlung) in Zeiten der Pandemie:\u00a0 http:\/\/ag-pop.de\/ 09.02.2021: Lesung, Famulus &#8211; Neue Literatur (Wien), online: https:\/\/www.facebook.com\/events\/4146943778653773\/ &nbsp; Vergangene Termine und Veranstaltungen 07.02.2021: Buchpr\u00e4sentation &#8222;nackte gedichte&#8220;, ALSO (Anno Literatur Sonntag), &hellip; <\/p>\n<p class=\"link-more\"><a href=\"https:\/\/rebecca.martin-heinrich.at\/?page_id=45\" class=\"more-link\"><span class=\"screen-reader-text\">\u201etermine\u201c<\/span> weiterlesen<\/a><\/p>\n","protected":false},"author":2,"featured_media":0,"parent":0,"menu_order":0,"comment_status":"open","ping_status":"open","template":"","meta":{"footnotes":""},"class_list":["post-45","page","type-page","status-publish","hentry"],"jetpack_sharing_enabled":true,"_links":{"self":[{"href":"https:\/\/rebecca.martin-heinrich.at\/index.php?rest_route=\/wp\/v2\/pages\/45","targetHints":{"allow":["GET"]}}],"collection":[{"href":"https:\/\/rebecca.martin-heinrich.at\/index.php?rest_route=\/wp\/v2\/pages"}],"about":[{"href":"https:\/\/rebecca.martin-heinrich.at\/index.php?rest_route=\/wp\/v2\/types\/page"}],"author":[{"embeddable":true,"href":"https:\/\/rebecca.martin-heinrich.at\/index.php?rest_route=\/wp\/v2\/users\/2"}],"replies":[{"embeddable":true,"href":"https:\/\/rebecca.martin-heinrich.at\/index.php?rest_route=%2Fwp%2Fv2%2Fcomments&post=45"}],"version-history":[{"count":114,"href":"https:\/\/rebecca.martin-heinrich.at\/index.php?rest_route=\/wp\/v2\/pages\/45\/revisions"}],"predecessor-version":[{"id":1506,"href":"https:\/\/rebecca.martin-heinrich.at\/index.php?rest_route=\/wp\/v2\/pages\/45\/revisions\/1506"}],"wp:attachment":[{"href":"https:\/\/rebecca.martin-heinrich.at\/index.php?rest_route=%2Fwp%2Fv2%2Fmedia&parent=45"}],"curies":[{"name":"wp","href":"https:\/\/api.w.org\/{rel}","templated":true}]}}