{"id":51,"date":"2014-12-02T20:11:47","date_gmt":"2014-12-02T18:11:47","guid":{"rendered":"http:\/\/www.martin-heinrich.at\/rebecca\/?page_id=51"},"modified":"2020-12-02T14:57:51","modified_gmt":"2020-12-02T12:57:51","slug":"videos","status":"publish","type":"page","link":"https:\/\/rebecca.martin-heinrich.at\/?page_id=51","title":{"rendered":"video\/ton"},"content":{"rendered":"<p><strong>Kinofilm &#8222;Arbeit statt Almosen&#8220; &#8211; Die Dokumentation zum Buch (2020\/2021):<\/strong>\u00a0Pr\u00e4miere 2020, weitere Filmtermine 2021:\u00a0<a href=\"https:\/\/www.events.at\/e\/film-arbeit-statt-almosen\">https:\/\/www.events.at\/e\/film-arbeit-statt-almosen<\/a><\/p>\n<p><strong>Online-Lesung (12\/2020):<\/strong> Die Autorin liest bei &#8222;GAV-Tirol Online gehen 2020&#8220; die Erz\u00e4hlung &#8222;Irgendwann danach&#8220;, erschienen in der Anthologie &#8222;Fragmente &#8211; Die Zeit danach&#8220;, hg. von Marlene Schachinger, Promedia-Verlag 2020:\u00a0 <a href=\"https:\/\/www.youtube.com\/watch?v=o1AYcTN3GTs\">https:\/\/www.youtube.com\/watch?v=o1AYcTN3GTs<\/a><\/p>\n<p><strong>Livestream\/Lesung und Konzert (08\/2020):<\/strong> &#8222;wir machen halt lyrik&#8220; im Livestream bei der Lesung im August auf der Haller Sommerb\u00fchne gemeinsam mit Katharina Pichlmayer (voc, guit) von &#8222;Und de scheenen Hoa&#8220;: <a href=\"https:\/\/fb.watch\/27halXGmYb\/\">https:\/\/fb.watch\/27halXGmYb\/<\/a><\/p>\n<p><strong>Online-Lesung (05\/2020):<\/strong> Die Autorin bei der &#8222;5 vor 12 Marathonlesung&#8220;, eine Veranstaltung zur Ank\u00fcndigung der Anthologie &#8222;Fragmente &#8211; Die Zeit danach&#8220; (Promedia-Verlag, 2020):\u00a0<a href=\"https:\/\/www.facebook.com\/watch\/live\/?v=597603104439395&amp;ref=watch_permalink\">https:\/\/www.facebook.com\/watch\/live\/?v=597603104439395&amp;ref=watch_permalink<\/a><\/p>\n<p><strong>Online-Lesung (05\/2020):<\/strong> &#8222;wir machen halt lyrik&#8220; liest alte und neue Arbeiten in der Wagner&#8217;schen Buchhandlung im Mai: <a href=\"https:\/\/www.facebook.com\/100016245348033\/videos\/644661616085344\/\">https:\/\/www.facebook.com\/100016245348033\/videos\/644661616085344\/<\/a><\/p>\n<p><strong>Online-Lesung (04\/2020):<\/strong> &#8222;wir machen halt lyrik&#8220; liest alte und neue Arbeiten in der Wagner&#8217;schen Buchhandlung im April: <a href=\"https:\/\/www.facebook.com\/100016245348033\/videos\/625814444636728\/\">https:\/\/www.facebook.com\/100016245348033\/videos\/625814444636728\/<\/a><\/p>\n<p><strong>Online-Lesung (03\/2020):<\/strong> Die erste und einzige Lyrikleseb\u00fchne \u00d6sterreichs &#8222;wir machen halt lyrik&#8220; mit den Autorinnen Rebecca Heinrich und Siljarosa Schletterer liest zum Welttag der Poesie bei &#8222;Kulturquarant\u00e4ne&#8220;: <a href=\"https:\/\/www.youtube.com\/watch?v=QKSCDEnNYuM&amp;fbclid=IwAR0ChMSj1OJKKvozGWXUrEBRhG4Sx7eez1hid3g8O5oMcRJZsFQz3DMxYZQ&amp;app=desktop\">https:\/\/www.youtube.com\/watch?v=QKSCDEnNYuM&amp;fbclid=IwAR0ChMSj1OJKKvozGWXUrEBRhG4Sx7eez1hid3g8O5oMcRJZsFQz3DMxYZQ&amp;app=desktop<\/a><\/p>\n<p><strong>Gespr\u00e4ch und Lesung\/Radiosendung (2019):<\/strong> Die Autorin ist mit ihrem Deb\u00fct &#8222;aus gegebenem anlass. Lyrik und Slam Poetry&#8220; (2018, Edition BAES) bei &#8222;Buchtipps mit Urs Heinz Aerni&#8220;. Buchtipp 74: Rebecca Heinrich \u2013 Aus gegebenem Anlass: <a href=\"https:\/\/cba.fro.at\/424175\">https:\/\/cba.fro.at\/424175<\/a><\/p>\n<p><strong>\u00d6-SLAM Klagenfurt (2018):<\/strong> Teaser unter\u00a0<a href=\"https:\/\/www.kleinezeitung.at\/video\/5519658\/SlamPoetry-in-Klagenfurt_Wortakrobaten-im-Wettstreit\">https:\/\/www.kleinezeitung.at\/video\/5519658\/SlamPoetry-in-Klagenfurt_Wortakrobaten-im-Wettstreit<\/a>, Livestream (Team) unter:\u00a0 <a href=\"https:\/\/www.kleinezeitung.at\/kultur\/kaernten\/5520277\/Der-OeSlam-zum-Nachlesen_Sarah-Anna-Fernbach-ist-oesterreichische\">https:\/\/www.kleinezeitung.at\/kultur\/kaernten\/5520277\/Der-OeSlam-zum-Nachlesen_Sarah-Anna-Fernbach-ist-oesterreichische<\/a> (1:25:00 bis 1:31:35).<\/p>\n<p><strong>Gespr\u00e4ch und Lesung\/Radiosendung (2018): <\/strong>\u00a0<span style=\"font-size: 1rem;\">\u201e<em>Wir sind Dichter*innen&#8220; \u2013 Das ungleiche Schwesternpaar: Lyrik und Slam Poetry<\/em>.\u00a0<\/span><span style=\"font-size: 1rem;\">In dieser Live Sendung wurde Lyrik mit dem Standpunkt der Slam Poetry konfrontiert, diskutiert und gefeiert. Gespr\u00e4chspartnerin war dabei\u00a0<\/span><a class=\"profileLink\" style=\"font-size: 1rem;\" href=\"https:\/\/www.facebook.com\/pages\/Rebecca-Heinrich\/384894235289610?__tn__=K-R&amp;eid=ARDGu8G68bBwyTdQ84YQUWgJZbETfzCMkdaAbrCY4DWRoA37Zyytwkrnb_5r7KFwf7J4SvBkGONz46MO&amp;fref=mentions&amp;__xts__%5B0%5D=68.ARD2Nnc37kXKZdu6_mtyHPrlKMMl_Z49sH30HtojKODSu1aNyAu7r1Qy4YTOILVXaPDUBL53yRE-x_WKz6N1I6M9RxyRdSCk0HN3m44HWOaouU85ePz1qCbaEVsktUwZoapvuaknZH-0XuPxjr5-lifc-9hm8wmW8ZlSBH1UVCQwJhR2jfv7\">Rebecca Heinrich<\/a><span style=\"font-size: 1rem;\">\u00a0mit ihrer Neuerscheinung \u201eaus gegebenem anlass\u201c. In der Sendung besprochen wurden u.a. Werke von Ralf Schlatter,\u00a0<\/span><a class=\"profileLink\" style=\"font-size: 1rem;\" href=\"https:\/\/www.facebook.com\/NinaFivaSonnenberg\/?__tn__=K-R&amp;eid=ARB_AD-7buVr622vJ5oR5_o7vjVNcc1J44VAavsW_z3g673zgPwcVnAK4B46cz3IiyvS1DOwUPZCUX3g&amp;fref=mentions&amp;__xts__%5B0%5D=68.ARD2Nnc37kXKZdu6_mtyHPrlKMMl_Z49sH30HtojKODSu1aNyAu7r1Qy4YTOILVXaPDUBL53yRE-x_WKz6N1I6M9RxyRdSCk0HN3m44HWOaouU85ePz1qCbaEVsktUwZoapvuaknZH-0XuPxjr5-lifc-9hm8wmW8ZlSBH1UVCQwJhR2jfv7\">Nina Fiva Sonnenberg<\/a><span style=\"font-size: 1rem;\">,\u00a0<\/span><a class=\"profileLink\" style=\"font-size: 1rem;\" href=\"https:\/\/www.facebook.com\/therealmiezemedusa\/?__tn__=K-R&amp;eid=ARAS75UwYYLxtx1oj3bLDGHX1P3AwBx76SZDAH6GRCHlxwGLyw9AnpSgEZpOYEhN_LPEQei6MSaaLnt2&amp;fref=mentions&amp;__xts__%5B0%5D=68.ARD2Nnc37kXKZdu6_mtyHPrlKMMl_Z49sH30HtojKODSu1aNyAu7r1Qy4YTOILVXaPDUBL53yRE-x_WKz6N1I6M9RxyRdSCk0HN3m44HWOaouU85ePz1qCbaEVsktUwZoapvuaknZH-0XuPxjr5-lifc-9hm8wmW8ZlSBH1UVCQwJhR2jfv7\">Mieze Medusa<\/a><span style=\"font-size: 1rem;\">,\u00a0<\/span><a class=\"profileLink\" style=\"font-size: 1rem;\" href=\"https:\/\/www.facebook.com\/mauszfabrick?__tn__=K-R&amp;eid=ARBx-Uez2lwAvZLFSciFbqWMXPelBekW52RZ7WwFcPQv96zAbtx990eNXJTDQqzsWXgH8_pwY66HUAyt&amp;fref=mentions&amp;__xts__%5B0%5D=68.ARD2Nnc37kXKZdu6_mtyHPrlKMMl_Z49sH30HtojKODSu1aNyAu7r1Qy4YTOILVXaPDUBL53yRE-x_WKz6N1I6M9RxyRdSCk0HN3m44HWOaouU85ePz1qCbaEVsktUwZoapvuaknZH-0XuPxjr5-lifc-9hm8wmW8ZlSBH1UVCQwJhR2jfv7\">Martin Fritz<\/a><span style=\"font-size: 1rem;\">,\u00a0<\/span><a class=\"profileLink\" style=\"font-size: 1rem;\" href=\"https:\/\/www.facebook.com\/DaLyd80?__tn__=K-R&amp;eid=ARBO3sfkjoLTQwHcU8R37ND17GfQNecjqI1yX3hbPFu0KMIEp5dXItppArH3HLWe5i1VS96kMYJwNK5t&amp;fref=mentions&amp;__xts__%5B0%5D=68.ARD2Nnc37kXKZdu6_mtyHPrlKMMl_Z49sH30HtojKODSu1aNyAu7r1Qy4YTOILVXaPDUBL53yRE-x_WKz6N1I6M9RxyRdSCk0HN3m44HWOaouU85ePz1qCbaEVsktUwZoapvuaknZH-0XuPxjr5-lifc-9hm8wmW8ZlSBH1UVCQwJhR2jfv7\">Lydia Daher<\/a><span style=\"font-size: 1rem;\">,\u00a0<\/span><a class=\"profileLink\" style=\"font-size: 1rem;\" href=\"https:\/\/www.facebook.com\/BasBoettcher\/?__tn__=K-R&amp;eid=ARA-G_jZbhDzdH3VJAaDqD8Wf1tUTyW24Y5PBNyr7DdTe0fJytu4zlOFBZNg1AZbK-8klJhwpYaY-vi1&amp;fref=mentions&amp;__xts__%5B0%5D=68.ARD2Nnc37kXKZdu6_mtyHPrlKMMl_Z49sH30HtojKODSu1aNyAu7r1Qy4YTOILVXaPDUBL53yRE-x_WKz6N1I6M9RxyRdSCk0HN3m44HWOaouU85ePz1qCbaEVsktUwZoapvuaknZH-0XuPxjr5-lifc-9hm8wmW8ZlSBH1UVCQwJhR2jfv7\">Bas B\u00f6ttcher<\/a><span style=\"font-size: 1rem;\">:\u00a0<\/span>Bas B\u00f6ttcher: Vor\u00fcbergegangene Sch\u00f6nheit, Voland &amp; Quist 2012;\u00a0<span style=\"font-size: 1rem;\">Lydia Daher: Insgesamt so diese Welt, Voland &amp; Quist 2012;\u00a0<\/span>Martin Fritz: intrinsische s\u00fc\u00dfigkeit, Neue Lyrik aus \u00d6sterreich Band 4, 2013; Rebecca Heinrich: aus gegebenem anlass, Edition BAES 2018; Ralf Schlatter: K\u00f6nig der Welt, Wolfbach Verlag 2017. Nachzuh\u00f6ren unter:\u00a0<a href=\"https:\/\/cba.fro.at\/385310\">https:\/\/cba.fro.at\/385310<\/a>.<\/p>\n<p><strong>Lesung\/Radiosendung (2018): <\/strong>Zwei von der Autorin eingelesenen Gedichte in der Reihe &#8222;MENSCHEN und das MEER&#8220; der Lyriksendung WortflAIR &#8211; die Lyriksendung einlesen. Nachzuh\u00f6ren ist die Sendung hier:\u00a0<a href=\"https:\/\/cba.fro.at\/381637\">https:\/\/cba.fro.at\/381637<\/a>.<\/p>\n<p><strong>Performance (2017):<\/strong> Performance des Spoken-Word-Textes &#8222;blast yourself&#8220; (erschienen in &#8222;aus gegebenem anlass. Lyrik und Slam Poetry&#8220;, 2018, Edition BAES) anl\u00e4sslich der Er\u00f6ffnung der Kunstausstellung &#8222;dreiundzwanzigminuseins&#8220; (2017) &#8211; Ausschnitt: <a href=\"https:\/\/www.facebook.com\/1534382170187112\/videos\/1853140684977924\/?notif_id=1507930817461704&amp;notif_t=like&amp;ref=notif\">https:\/\/www.facebook.com\/1534382170187112\/videos\/1853140684977924\/?notif_id=1507930817461704&amp;notif_t=like&amp;ref=notif<\/a><\/p>\n<p><strong>Performance (2017):<\/strong> Die Autorin als Feature Poet beim Energy Youth Slam West, Juni 2017. Text &#8222;Energiewende&#8220;. Verf\u00fcgbar unter <a href=\"https:\/\/www.youtube.com\/watch?v=Q6Q8yUygOsc&amp;list=PL6prIjX3_jmieHn9jIzN_cTHaMEzOaWZe&amp;sns=fb\">https:\/\/www.youtube.com\/watch?v=Q6Q8yUygOsc&amp;list=PL6prIjX3_jmieHn9jIzN_cTHaMEzOaWZe&amp;sns=fb<\/a>.<\/p>\n<p><b>Performance (2016)<\/b><strong>:<\/strong> Performance des Spoken-Word-Textes &#8222;Jelena Jedermann&#8220;, Auftritt beim &#8222;7. Slam de Luxe&#8220; in Luxemburg 2016. Verf\u00fcgbar unter <a href=\"https:\/\/www.facebook.com\/OB.Luxemburg\/videos\/1233770889976365\/\">https:\/\/www.facebook.com\/OB.Luxemburg\/videos\/1233770889976365\/.<\/a><\/p>\n<p><strong>Live-Mitschnitt (2015):<\/strong> Mitschnitt des Poetry Slams Hallein (Juli, 2015) auf Soundcloud von Anna Schiester.<\/p>\n<p><iframe loading=\"lazy\" title=\"Poetry Slam Hallein #3 by Poetry Slam Hallein\" width=\"525\" height=\"450\" scrolling=\"no\" frameborder=\"no\" src=\"https:\/\/w.soundcloud.com\/player\/?visual=true&#038;url=https%3A%2F%2Fapi.soundcloud.com%2Fplaylists%2F129901055&#038;show_artwork=true&#038;maxheight=788&#038;maxwidth=525\"><\/iframe><\/p>\n","protected":false},"excerpt":{"rendered":"<p>Kinofilm &#8222;Arbeit statt Almosen&#8220; &#8211; Die Dokumentation zum Buch (2020\/2021):\u00a0Pr\u00e4miere 2020, weitere Filmtermine 2021:\u00a0https:\/\/www.events.at\/e\/film-arbeit-statt-almosen Online-Lesung (12\/2020): Die Autorin liest bei &#8222;GAV-Tirol Online gehen 2020&#8220; die Erz\u00e4hlung &#8222;Irgendwann danach&#8220;, erschienen in der Anthologie &#8222;Fragmente &#8211; Die Zeit danach&#8220;, hg. von Marlene Schachinger, Promedia-Verlag 2020:\u00a0 https:\/\/www.youtube.com\/watch?v=o1AYcTN3GTs Livestream\/Lesung und Konzert (08\/2020): &#8222;wir machen halt lyrik&#8220; im Livestream bei &hellip; <\/p>\n<p class=\"link-more\"><a href=\"https:\/\/rebecca.martin-heinrich.at\/?page_id=51\" class=\"more-link\"><span class=\"screen-reader-text\">\u201evideo\/ton\u201c<\/span> weiterlesen<\/a><\/p>\n","protected":false},"author":2,"featured_media":0,"parent":0,"menu_order":0,"comment_status":"open","ping_status":"open","template":"","meta":{"footnotes":""},"class_list":["post-51","page","type-page","status-publish","hentry"],"jetpack_sharing_enabled":true,"_links":{"self":[{"href":"https:\/\/rebecca.martin-heinrich.at\/index.php?rest_route=\/wp\/v2\/pages\/51","targetHints":{"allow":["GET"]}}],"collection":[{"href":"https:\/\/rebecca.martin-heinrich.at\/index.php?rest_route=\/wp\/v2\/pages"}],"about":[{"href":"https:\/\/rebecca.martin-heinrich.at\/index.php?rest_route=\/wp\/v2\/types\/page"}],"author":[{"embeddable":true,"href":"https:\/\/rebecca.martin-heinrich.at\/index.php?rest_route=\/wp\/v2\/users\/2"}],"replies":[{"embeddable":true,"href":"https:\/\/rebecca.martin-heinrich.at\/index.php?rest_route=%2Fwp%2Fv2%2Fcomments&post=51"}],"version-history":[{"count":17,"href":"https:\/\/rebecca.martin-heinrich.at\/index.php?rest_route=\/wp\/v2\/pages\/51\/revisions"}],"predecessor-version":[{"id":1458,"href":"https:\/\/rebecca.martin-heinrich.at\/index.php?rest_route=\/wp\/v2\/pages\/51\/revisions\/1458"}],"wp:attachment":[{"href":"https:\/\/rebecca.martin-heinrich.at\/index.php?rest_route=%2Fwp%2Fv2%2Fmedia&parent=51"}],"curies":[{"name":"wp","href":"https:\/\/api.w.org\/{rel}","templated":true}]}}