{"id":55,"date":"2014-12-02T20:12:31","date_gmt":"2014-12-02T18:12:31","guid":{"rendered":"http:\/\/www.martin-heinrich.at\/rebecca\/?page_id=55"},"modified":"2020-02-06T16:24:47","modified_gmt":"2020-02-06T14:24:47","slug":"workshops","status":"publish","type":"page","link":"https:\/\/rebecca.martin-heinrich.at\/?page_id=55","title":{"rendered":"workshops"},"content":{"rendered":"<h1>textwerkst\u00e4tten, schreibworkshops<br \/>\n&amp; ateliers d&#8217;\u00e9criture.<\/h1>\n<p><a href=\"https:\/\/www.rebecca-heinrich.com\/wp-content\/uploads\/2019\/11\/writing-working-person-coffee-music-group-910524-pxhere.com_-1-scaled.jpg\"><img loading=\"lazy\" decoding=\"async\" class=\"wp-image-1247 size-large alignleft\" src=\"https:\/\/www.rebecca-heinrich.com\/wp-content\/uploads\/2019\/11\/writing-working-person-coffee-music-group-910524-pxhere.com_-1-1024x683.jpg\" alt=\"\" width=\"525\" height=\"350\" srcset=\"https:\/\/rebecca.martin-heinrich.at\/wp-content\/uploads\/2019\/11\/writing-working-person-coffee-music-group-910524-pxhere.com_-1-1024x683.jpg 1024w, https:\/\/rebecca.martin-heinrich.at\/wp-content\/uploads\/2019\/11\/writing-working-person-coffee-music-group-910524-pxhere.com_-1-300x200.jpg 300w, https:\/\/rebecca.martin-heinrich.at\/wp-content\/uploads\/2019\/11\/writing-working-person-coffee-music-group-910524-pxhere.com_-1-768x512.jpg 768w, https:\/\/rebecca.martin-heinrich.at\/wp-content\/uploads\/2019\/11\/writing-working-person-coffee-music-group-910524-pxhere.com_-1-1536x1024.jpg 1536w, https:\/\/rebecca.martin-heinrich.at\/wp-content\/uploads\/2019\/11\/writing-working-person-coffee-music-group-910524-pxhere.com_-1-2048x1365.jpg 2048w\" sizes=\"auto, (max-width: 525px) 100vw, 525px\" \/><\/a><\/p>\n<h2>Inhalt der Textwerkst\u00e4tten:<\/h2>\n<p style=\"text-align: left;\">Ich gebe Workshops zu literarischem Schreiben, insbesondere zur Produktion performativer Literatur und Lyrik mit Fokus auf Atem, K\u00f6rper sowie Stimme f\u00fcr Schulklassen, Kinder- und Jugendeinrichtungen sowie Firmen und andere Gruppen.<\/p>\n<p style=\"text-align: left;\">Poetry Slam, Spoken Word und performte Literatur bestehen aus Text und Performanz. Daher wird in meinen Schreibklassen auch auf beides eingegangen. Neben kurzweiligem theoretischen Teil in Abstimmung auf die jeweilige Gruppe, gibt es mehrere Produktionsteile und, wenn gew\u00fcnscht, die M\u00f6glichkeit zu einem ersten Probeauftritt. Atem\u00fcbungen, Sprech- und Stimm\u00fcbungen, effektvoller Stimm- und K\u00f6rpereinsatz sowie Pr\u00e4sentationstechniken\u00a0 k\u00f6nnen genauso Teil des Kurses sein wie Tipps gegen Lampenfieber.<\/p>\n<p style=\"text-align: left;\">Die Workshops werden an die W\u00fcnsche, Anregungen und Bed\u00fcrfnisse der Kursteilnehmenden angepasst. Individuelle Schreibf\u00f6rderung setze ich bei jedem der Produktionsteile um. Der Spa\u00df am Schreiben und an der Kreativit\u00e4t steht dabei im Vordergrund.<\/p>\n<h2>Einen Workshop buchen:<\/h2>\n<p>Bitte kontaktieren Sie mich per E-Mail: auskunft@rebecca-heinrich.com<\/p>\n<figure id=\"attachment_1345\" aria-describedby=\"caption-attachment-1345\" style=\"width: 1726px\" class=\"wp-caption aligncenter\"><a href=\"https:\/\/www.rebecca-heinrich.com\/wp-content\/uploads\/2020\/02\/DSC06707-scaled.jpg\"><img loading=\"lazy\" decoding=\"async\" class=\"wp-image-1345 size-full\" src=\"https:\/\/www.rebecca-heinrich.com\/wp-content\/uploads\/2020\/02\/DSC06707-scaled.jpg\" alt=\"\" width=\"1726\" height=\"2560\" srcset=\"https:\/\/rebecca.martin-heinrich.at\/wp-content\/uploads\/2020\/02\/DSC06707-scaled.jpg 1726w, https:\/\/rebecca.martin-heinrich.at\/wp-content\/uploads\/2020\/02\/DSC06707-202x300.jpg 202w, https:\/\/rebecca.martin-heinrich.at\/wp-content\/uploads\/2020\/02\/DSC06707-690x1024.jpg 690w, https:\/\/rebecca.martin-heinrich.at\/wp-content\/uploads\/2020\/02\/DSC06707-768x1139.jpg 768w, https:\/\/rebecca.martin-heinrich.at\/wp-content\/uploads\/2020\/02\/DSC06707-1036x1536.jpg 1036w, https:\/\/rebecca.martin-heinrich.at\/wp-content\/uploads\/2020\/02\/DSC06707-1381x2048.jpg 1381w\" sizes=\"auto, (max-width: 767px) 89vw, (max-width: 1000px) 54vw, (max-width: 1071px) 543px, 580px\" \/><\/a><figcaption id=\"caption-attachment-1345\" class=\"wp-caption-text\">workshop 2018 in albi, frankreich \/ atelier d&#8217;\u00e9criture 2018 \u00e0 albi en france (c) mobiklasse<\/figcaption><\/figure>\n","protected":false},"excerpt":{"rendered":"<p>textwerkst\u00e4tten, schreibworkshops &amp; ateliers d&#8217;\u00e9criture. Inhalt der Textwerkst\u00e4tten: Ich gebe Workshops zu literarischem Schreiben, insbesondere zur Produktion performativer Literatur und Lyrik mit Fokus auf Atem, K\u00f6rper sowie Stimme f\u00fcr Schulklassen, Kinder- und Jugendeinrichtungen sowie Firmen und andere Gruppen. Poetry Slam, Spoken Word und performte Literatur bestehen aus Text und Performanz. Daher wird in meinen Schreibklassen &hellip; <\/p>\n<p class=\"link-more\"><a href=\"https:\/\/rebecca.martin-heinrich.at\/?page_id=55\" class=\"more-link\"><span class=\"screen-reader-text\">\u201eworkshops\u201c<\/span> weiterlesen<\/a><\/p>\n","protected":false},"author":2,"featured_media":0,"parent":0,"menu_order":0,"comment_status":"open","ping_status":"open","template":"","meta":{"footnotes":""},"class_list":["post-55","page","type-page","status-publish","hentry"],"jetpack_sharing_enabled":true,"_links":{"self":[{"href":"https:\/\/rebecca.martin-heinrich.at\/index.php?rest_route=\/wp\/v2\/pages\/55","targetHints":{"allow":["GET"]}}],"collection":[{"href":"https:\/\/rebecca.martin-heinrich.at\/index.php?rest_route=\/wp\/v2\/pages"}],"about":[{"href":"https:\/\/rebecca.martin-heinrich.at\/index.php?rest_route=\/wp\/v2\/types\/page"}],"author":[{"embeddable":true,"href":"https:\/\/rebecca.martin-heinrich.at\/index.php?rest_route=\/wp\/v2\/users\/2"}],"replies":[{"embeddable":true,"href":"https:\/\/rebecca.martin-heinrich.at\/index.php?rest_route=%2Fwp%2Fv2%2Fcomments&post=55"}],"version-history":[{"count":17,"href":"https:\/\/rebecca.martin-heinrich.at\/index.php?rest_route=\/wp\/v2\/pages\/55\/revisions"}],"predecessor-version":[{"id":1346,"href":"https:\/\/rebecca.martin-heinrich.at\/index.php?rest_route=\/wp\/v2\/pages\/55\/revisions\/1346"}],"wp:attachment":[{"href":"https:\/\/rebecca.martin-heinrich.at\/index.php?rest_route=%2Fwp%2Fv2%2Fmedia&parent=55"}],"curies":[{"name":"wp","href":"https:\/\/api.w.org\/{rel}","templated":true}]}}