{"id":59,"date":"2014-12-02T20:15:04","date_gmt":"2014-12-02T18:15:04","guid":{"rendered":"http:\/\/www.martin-heinrich.at\/rebecca\/?page_id=59"},"modified":"2020-12-13T15:17:58","modified_gmt":"2020-12-13T13:17:58","slug":"biographie","status":"publish","type":"page","link":"https:\/\/rebecca.martin-heinrich.at\/?page_id=59","title":{"rendered":"biographie"},"content":{"rendered":"<h6>[deutsch &#8211; allemand]<\/h6>\n<p>Rebecca Heinrich, geb. 1995, hat Germanistik, Romanistik und P\u00e4dagogik in Innsbruck und Marseille studiert. Sie arbeitet als Literaturwissenschaftlerin an der Albert-Ludwigs-Universit\u00e4t Freiburg, Autorin, Lyrikerin, Slam-Poetin, Kulturvermittlerin sowie Kunstdidaktikerin. Sie liest und performt seit 2013 in ganz Europa, au\u00dferdem leitet sie seit 2014 deutsch- und franz\u00f6sischsprachige Textwerkst\u00e4tten zu literarischem Schreiben (u.a. f\u00fcr das Goethe-Institut). Sie ist Gr\u00fcndungsmitglied der ersten und einzigen Lyrik-Leseb\u00fchne \u00d6sterreichs \u201ewir machen halt lyrik\u201c\u00a0 sowie des intermedialen K\u00fcnstlerinnenkollektivs \u201edreiundzwanzigminuseins\u201c (Ausstellungen 2017 sowie 2018 in der Galerie \u201eforum f\u00fcr kunst und kommunikation\u201c). Zudem nahm sie an zahlreichen internationalen Poetry-Slam-Meister*innenschaften teil (u.a. 2016 Paris), moderiert den Feminist-Poetry-Slam im Kulturlabor Stromboli und ist Herausgeberin des Online-Literaturforums \u201eRausgeschrieben\u201c, f\u00fcr das sie ein Arbeitsstipendium vom Land Tirol erhielt. 2014 und 2016 wurde sie f\u00fcr den Lyrikpreis des S\u00fcdtiroler K\u00fcnstlerbundes nominiert, 2018 erhielt sie den Prosapreis des Schwazer Silbersommers und ein Engagement f\u00fcr das Monologst\u00fcck \u201eNachvergangenheit\u201c (Soliarts). Ihr wurden 2020 das Literaturstipendium der Stadt Innsbruck und das Startstipendium f\u00fcr Literatur des Bundeskanzleramtes zuerkannt. Ver\u00f6ffentlichungen in Literaturzeitschriften, Anthologien und im Verlag Edition BAES: Ihr Deb\u00fct \u201eaus gegebenem anlass. Slam Poetry\u201c erschien 2018, ihr zweiter Lyrikband &#8222;nackte gedichte&#8220; 2020. Sie ist Mitglied der GAV, der PSIG, der IG Autorinnen \u00d6sterreich und Tirol sowie des Vereins f\u00fcr performative Literatur.<\/p>\n<p><em>Stipendien:<\/em><\/p>\n<p>06\/2020: Startstipendium f\u00fcr Literatur Bundeskanzleramt<br \/>\n06\/2020: Projektbezogenes Arbeitsstipendium Land Tirol<br \/>\n05\/2020: Arbeitsstipendium Stadt Innsbruck<\/p>\n<p><em>Mitgliedschaften:<\/em><\/p>\n<p>Grazer Autorinnen Autorenversammlung &#8211; GAV<br \/>\nPoetry Slam Interessengemeinschaft Tirol &#8211; PSIG<br \/>\nIG Autorinnen Autoren \u00d6sterreich<br \/>\nIG Autorinnen Autoren Tirol<br \/>\nVerein f\u00fcr performative Literatur<\/p>\n<p><strong>[franz\u00f6sisch &#8211; fran\u00e7ais]<\/strong><\/p>\n<p>Mag.a phil. Rebecca Heinrich, BA, *1995, est auteure, po\u00e9tesse, slameuse et actrice franco-autrichienne. \u00c9tudes de p\u00e9dagogie, de philologie romane et de philologie allemande \u00e0 l\u2019universit\u00e9 d\u2019Innsbruck et d\u2019Aix-Marseille.<\/p>\n<p>D\u00e9but litt\u00e9raire en 2013, puis de nombreuses interventions artistiques en Autriche, Allemagne, Italie, France, Slov\u00e9nie et au Luxembourg. Ateliers d\u2019\u00e9criture et de slam en Autriche ainsi qu\u2019en France. Elle est membre fondateur de la sc\u00e8ne litt\u00e9raire \u00ab FHK5K \u00bb \u00e0 Innsbruck, du collectif artistique \u00ab dreiundzwanzigminuseins \u00bb, de l\u2019\u00e9quipe slam \u00ab Keine halbe Beschreibung \u00bb et en 2016 du collectif slam \u00ab C. Truqu\u00e9 \u00bb. Participation \u00e0 un grand nombre de championnats de slam internationaux, dont le \u00ab Slam So What \u00bb \u00e0 Paris en 2016 avec l\u2019\u00e9quipe de Marseille.<\/p>\n<p>2014 et 2016 nomin\u00e9e pour le prix de po\u00e9sie de l\u2019union artistique du Tyrol du Sud, 2018 laur\u00e9ate du prix de prose de \u00ab\u00a0Schwazer Silbersommer\u00a0\u00bb. La m\u00eame ann\u00e9e, elle joue dans la pi\u00e8ce monologue \u00ab\u00a0Nachvergangenheit\u00a0\u00bb. Publications dans diverses anthologies, revues litt\u00e9raires et en 2018 parution de son premier recueil de po\u00e8mes et de textes de slam \u00ab\u00a0aus gegebenem anlass\u00a0\u00bb (\u00e9dition BAES).<\/p>\n","protected":false},"excerpt":{"rendered":"<p>[deutsch &#8211; allemand] Rebecca Heinrich, geb. 1995, hat Germanistik, Romanistik und P\u00e4dagogik in Innsbruck und Marseille studiert. Sie arbeitet als Literaturwissenschaftlerin an der Albert-Ludwigs-Universit\u00e4t Freiburg, Autorin, Lyrikerin, Slam-Poetin, Kulturvermittlerin sowie Kunstdidaktikerin. Sie liest und performt seit 2013 in ganz Europa, au\u00dferdem leitet sie seit 2014 deutsch- und franz\u00f6sischsprachige Textwerkst\u00e4tten zu literarischem Schreiben (u.a. f\u00fcr das &hellip; <\/p>\n<p class=\"link-more\"><a href=\"https:\/\/rebecca.martin-heinrich.at\/?page_id=59\" class=\"more-link\"><span class=\"screen-reader-text\">\u201ebiographie\u201c<\/span> weiterlesen<\/a><\/p>\n","protected":false},"author":2,"featured_media":0,"parent":0,"menu_order":0,"comment_status":"open","ping_status":"open","template":"","meta":{"footnotes":""},"class_list":["post-59","page","type-page","status-publish","hentry"],"jetpack_sharing_enabled":true,"_links":{"self":[{"href":"https:\/\/rebecca.martin-heinrich.at\/index.php?rest_route=\/wp\/v2\/pages\/59","targetHints":{"allow":["GET"]}}],"collection":[{"href":"https:\/\/rebecca.martin-heinrich.at\/index.php?rest_route=\/wp\/v2\/pages"}],"about":[{"href":"https:\/\/rebecca.martin-heinrich.at\/index.php?rest_route=\/wp\/v2\/types\/page"}],"author":[{"embeddable":true,"href":"https:\/\/rebecca.martin-heinrich.at\/index.php?rest_route=\/wp\/v2\/users\/2"}],"replies":[{"embeddable":true,"href":"https:\/\/rebecca.martin-heinrich.at\/index.php?rest_route=%2Fwp%2Fv2%2Fcomments&post=59"}],"version-history":[{"count":52,"href":"https:\/\/rebecca.martin-heinrich.at\/index.php?rest_route=\/wp\/v2\/pages\/59\/revisions"}],"predecessor-version":[{"id":1478,"href":"https:\/\/rebecca.martin-heinrich.at\/index.php?rest_route=\/wp\/v2\/pages\/59\/revisions\/1478"}],"wp:attachment":[{"href":"https:\/\/rebecca.martin-heinrich.at\/index.php?rest_route=%2Fwp%2Fv2%2Fmedia&parent=59"}],"curies":[{"name":"wp","href":"https:\/\/api.w.org\/{rel}","templated":true}]}}